{"id":1308,"date":"2025-01-06T07:37:06","date_gmt":"2025-01-06T07:37:06","guid":{"rendered":"https:\/\/dental.bloom.com.al\/?page_id=1308"},"modified":"2025-07-17T09:02:02","modified_gmt":"2025-07-17T09:02:02","slug":"contatti","status":"publish","type":"page","link":"https:\/\/bloom.com.al\/it\/contatti\/","title":{"rendered":"CONTATTI"},"content":{"rendered":"<div data-elementor-type=\"wp-page\" data-elementor-id=\"1308\" class=\"elementor elementor-1308\">\n\t\t\t\t<div class=\"elementor-element elementor-element-05deaf7 e-con-full e-flex e-con e-parent\" data-id=\"05deaf7\" data-element_type=\"container\">\n\t\t<div class=\"elementor-element elementor-element-bf1a148 e-con-full e-flex e-con e-child\" data-id=\"bf1a148\" data-element_type=\"container\" data-settings=\"{&quot;background_background&quot;:&quot;classic&quot;}\">\n\t\t\t\t<div class=\"elementor-element elementor-element-a66730c elementor-widget elementor-widget-heading\" data-id=\"a66730c\" data-element_type=\"widget\" data-widget_type=\"heading.default\">\n\t\t\t\t<div class=\"elementor-widget-container\">\n\t\t\t\t\t<h1 class=\"elementor-heading-title elementor-size-default\">CONTATTACI ORA!<\/h1>\t\t\t\t<\/div>\n\t\t\t\t<\/div>\n\t\t\t\t<\/div>\n\t\t\t\t<\/div>\n\t\t<div class=\"elementor-element elementor-element-666361b e-flex e-con-boxed e-con e-parent\" data-id=\"666361b\" data-element_type=\"container\">\n\t\t\t\t\t<div class=\"e-con-inner\">\n\t\t<div class=\"elementor-element elementor-element-6313750 e-flex e-con-boxed e-con e-child\" data-id=\"6313750\" data-element_type=\"container\">\n\t\t\t\t\t<div class=\"e-con-inner\">\n\t\t\t\t<div class=\"elementor-element elementor-element-38de7e3 elementor-widget elementor-widget-image\" data-id=\"38de7e3\" data-element_type=\"widget\" data-widget_type=\"image.default\">\n\t\t\t\t<div class=\"elementor-widget-container\">\n\t\t\t\t\t\t\t\t\t\t\t\t\t\t\t\t<a href=\"https:\/\/www.facebook.com\/profile.php?id=100076170445325\">\n\t\t\t\t\t\t\t<img fetchpriority=\"high\" decoding=\"async\" width=\"845\" height=\"837\" src=\"https:\/\/bloom.com.al\/wp-content\/uploads\/2025\/01\/contact-09.png\" class=\"elementor-animation-grow attachment-large size-large wp-image-3131\" alt=\"Logo p\u00ebr adres\u00ebn e facebook\" srcset=\"https:\/\/bloom.com.al\/wp-content\/uploads\/2025\/01\/contact-09.png 845w, https:\/\/bloom.com.al\/wp-content\/uploads\/2025\/01\/contact-09-300x297.png 300w, https:\/\/bloom.com.al\/wp-content\/uploads\/2025\/01\/contact-09-150x150.png 150w, https:\/\/bloom.com.al\/wp-content\/uploads\/2025\/01\/contact-09-200x198.png 200w, https:\/\/bloom.com.al\/wp-content\/uploads\/2025\/01\/contact-09-12x12.png 12w\" sizes=\"100vw\" \/>\t\t\t\t\t\t\t\t<\/a>\n\t\t\t\t\t\t\t\t\t\t\t\t\t\t\t<\/div>\n\t\t\t\t<\/div>\n\t\t\t\t<div class=\"elementor-element elementor-element-41c2318 elementor-widget elementor-widget-heading\" data-id=\"41c2318\" data-element_type=\"widget\" data-widget_type=\"heading.default\">\n\t\t\t\t<div class=\"elementor-widget-container\">\n\t\t\t\t\t<h3 class=\"elementor-heading-title elementor-size-default\"><a href=\"https:\/\/www.facebook.com\/profile.php?id=100076170445325\">Bloom Dental Clinic<\/a><\/h3>\t\t\t\t<\/div>\n\t\t\t\t<\/div>\n\t\t\t\t\t<\/div>\n\t\t\t\t<\/div>\n\t\t<div class=\"elementor-element elementor-element-4a817f0 e-con-full e-flex e-con e-child\" data-id=\"4a817f0\" data-element_type=\"container\">\n\t\t\t\t<div class=\"elementor-element elementor-element-c033ddd elementor-widget elementor-widget-image\" data-id=\"c033ddd\" data-element_type=\"widget\" data-widget_type=\"image.default\">\n\t\t\t\t<div class=\"elementor-widget-container\">\n\t\t\t\t\t\t\t\t\t\t\t\t\t\t\t\t<a href=\"https:\/\/www.instagram.com\/accounts\/login\/?next=https%3A%2F%2Fwww.instagram.com%2Fbloomdentalclinic_%2F%3Fhl%3Den&#038;is_from_rle\">\n\t\t\t\t\t\t\t<img decoding=\"async\" width=\"845\" height=\"837\" src=\"https:\/\/bloom.com.al\/wp-content\/uploads\/2025\/01\/contact-10.png\" class=\"elementor-animation-grow attachment-large size-large wp-image-3130\" alt=\"Logo p\u00ebr adres\u00ebn e Instagram\" srcset=\"https:\/\/bloom.com.al\/wp-content\/uploads\/2025\/01\/contact-10.png 845w, https:\/\/bloom.com.al\/wp-content\/uploads\/2025\/01\/contact-10-300x297.png 300w, https:\/\/bloom.com.al\/wp-content\/uploads\/2025\/01\/contact-10-150x150.png 150w, https:\/\/bloom.com.al\/wp-content\/uploads\/2025\/01\/contact-10-200x198.png 200w, https:\/\/bloom.com.al\/wp-content\/uploads\/2025\/01\/contact-10-12x12.png 12w\" sizes=\"100vw\" \/>\t\t\t\t\t\t\t\t<\/a>\n\t\t\t\t\t\t\t\t\t\t\t\t\t\t\t<\/div>\n\t\t\t\t<\/div>\n\t\t\t\t<div class=\"elementor-element elementor-element-c5d8509 elementor-widget elementor-widget-heading\" data-id=\"c5d8509\" data-element_type=\"widget\" data-widget_type=\"heading.default\">\n\t\t\t\t<div class=\"elementor-widget-container\">\n\t\t\t\t\t<h3 class=\"elementor-heading-title elementor-size-default\"><a href=\"https:\/\/www.instagram.com\/accounts\/login\/?next=https%3A%2F%2Fwww.instagram.com%2Fbloomdentalclinic_%2F%3Fhl%3Den&#038;is_from_rle\">bloomdentalclinic_<\/a><\/h3>\t\t\t\t<\/div>\n\t\t\t\t<\/div>\n\t\t\t\t<\/div>\n\t\t<div class=\"elementor-element elementor-element-01f2fe3 e-con-full e-flex e-con e-child\" data-id=\"01f2fe3\" data-element_type=\"container\">\n\t\t\t\t<div class=\"elementor-element elementor-element-10850c7 elementor-widget elementor-widget-image\" data-id=\"10850c7\" data-element_type=\"widget\" data-widget_type=\"image.default\">\n\t\t\t\t<div class=\"elementor-widget-container\">\n\t\t\t\t\t\t\t\t\t\t\t\t\t\t\t\t<a href=\"mailto:contact@bloom.com.al\">\n\t\t\t\t\t\t\t<img decoding=\"async\" width=\"845\" height=\"837\" src=\"https:\/\/bloom.com.al\/wp-content\/uploads\/2025\/01\/contact-11.png\" class=\"elementor-animation-grow attachment-large size-large wp-image-3129\" alt=\"Logo me ikon\u00ebn e globit ne mes\" srcset=\"https:\/\/bloom.com.al\/wp-content\/uploads\/2025\/01\/contact-11.png 845w, https:\/\/bloom.com.al\/wp-content\/uploads\/2025\/01\/contact-11-300x297.png 300w, https:\/\/bloom.com.al\/wp-content\/uploads\/2025\/01\/contact-11-150x150.png 150w, https:\/\/bloom.com.al\/wp-content\/uploads\/2025\/01\/contact-11-200x198.png 200w, https:\/\/bloom.com.al\/wp-content\/uploads\/2025\/01\/contact-11-12x12.png 12w\" sizes=\"100vw\" \/>\t\t\t\t\t\t\t\t<\/a>\n\t\t\t\t\t\t\t\t\t\t\t\t\t\t\t<\/div>\n\t\t\t\t<\/div>\n\t\t\t\t<div class=\"elementor-element elementor-element-591da09 elementor-widget elementor-widget-heading\" data-id=\"591da09\" data-element_type=\"widget\" data-widget_type=\"heading.default\">\n\t\t\t\t<div class=\"elementor-widget-container\">\n\t\t\t\t\t<h3 class=\"elementor-heading-title elementor-size-default\"><a href=\"mailto:contact@bloom.com.al\">contact@bloom.com.al<\/a><\/h3>\t\t\t\t<\/div>\n\t\t\t\t<\/div>\n\t\t\t\t<\/div>\n\t\t<div class=\"elementor-element elementor-element-fd81e25 e-con-full e-flex e-con e-child\" data-id=\"fd81e25\" data-element_type=\"container\">\n\t\t\t\t<div class=\"elementor-element elementor-element-644d0e7 elementor-widget elementor-widget-image\" data-id=\"644d0e7\" data-element_type=\"widget\" data-widget_type=\"image.default\">\n\t\t\t\t<div class=\"elementor-widget-container\">\n\t\t\t\t\t\t\t\t\t\t\t\t\t\t\t<img loading=\"lazy\" decoding=\"async\" width=\"845\" height=\"837\" src=\"https:\/\/bloom.com.al\/wp-content\/uploads\/2025\/01\/contact-12.png\" class=\"elementor-animation-grow attachment-large size-large wp-image-3133\" alt=\"Logo p\u00ebr kontakt n\u00eb num\u00ebr telefoni\" srcset=\"https:\/\/bloom.com.al\/wp-content\/uploads\/2025\/01\/contact-12.png 845w, https:\/\/bloom.com.al\/wp-content\/uploads\/2025\/01\/contact-12-300x297.png 300w, https:\/\/bloom.com.al\/wp-content\/uploads\/2025\/01\/contact-12-150x150.png 150w, https:\/\/bloom.com.al\/wp-content\/uploads\/2025\/01\/contact-12-200x198.png 200w, https:\/\/bloom.com.al\/wp-content\/uploads\/2025\/01\/contact-12-12x12.png 12w\" sizes=\"100vw\" \/>\t\t\t\t\t\t\t\t\t\t\t\t\t\t\t<\/div>\n\t\t\t\t<\/div>\n\t\t\t\t<div class=\"elementor-element elementor-element-ff6cd6c elementor-widget elementor-widget-heading\" data-id=\"ff6cd6c\" data-element_type=\"widget\" data-widget_type=\"heading.default\">\n\t\t\t\t<div class=\"elementor-widget-container\">\n\t\t\t\t\t<h3 class=\"elementor-heading-title elementor-size-default\">+355 69 7086 144<\/h3>\t\t\t\t<\/div>\n\t\t\t\t<\/div>\n\t\t\t\t<\/div>\n\t\t\t\t\t<\/div>\n\t\t\t\t<\/div>\n\t\t<div class=\"elementor-element elementor-element-ff61761 e-flex e-con-boxed e-con e-parent\" data-id=\"ff61761\" data-element_type=\"container\">\n\t\t\t\t\t<div class=\"e-con-inner\">\n\t\t\t\t<div class=\"elementor-element elementor-element-05b1428 elementor-widget elementor-widget-google_maps\" data-id=\"05b1428\" data-element_type=\"widget\" data-widget_type=\"google_maps.default\">\n\t\t\t\t<div class=\"elementor-widget-container\">\n\t\t\t\t\t\t\t<div class=\"elementor-custom-embed\">\n\t\t\t<iframe loading=\"lazy\"\n\t\t\t\t\tsrc=\"https:\/\/maps.google.com\/maps?q=Bloom%20Dental%20Clinic&#038;t=m&#038;z=9&#038;output=embed&#038;iwloc=near\"\n\t\t\t\t\ttitle=\"Bloom Dental Clinic\"\n\t\t\t\t\taria-label=\"Bloom Dental Clinic\"\n\t\t\t><\/iframe>\n\t\t<\/div>\n\t\t\t\t\t\t<\/div>\n\t\t\t\t<\/div>\n\t\t\t\t\t<\/div>\n\t\t\t\t<\/div>\n\t\t\t\t<\/div>","protected":false},"excerpt":{"rendered":"<p>NA KONTAKTO TANI! Bloom Dental Clinic bloomdentalclinic_ contact@bloom.com.al +355 69 7086 144<\/p>","protected":false},"author":1,"featured_media":0,"parent":0,"menu_order":0,"comment_status":"closed","ping_status":"closed","template":"elementor_header_footer","meta":{"om_disable_all_campaigns":false,"_monsterinsights_skip_tracking":false,"_monsterinsights_sitenote_active":false,"_monsterinsights_sitenote_note":"","_monsterinsights_sitenote_category":0,"footnotes":""},"class_list":["post-1308","page","type-page","status-publish","hentry"],"aioseo_notices":[],"_links":{"self":[{"href":"https:\/\/bloom.com.al\/it\/wp-json\/wp\/v2\/pages\/1308","targetHints":{"allow":["GET"]}}],"collection":[{"href":"https:\/\/bloom.com.al\/it\/wp-json\/wp\/v2\/pages"}],"about":[{"href":"https:\/\/bloom.com.al\/it\/wp-json\/wp\/v2\/types\/page"}],"author":[{"embeddable":true,"href":"https:\/\/bloom.com.al\/it\/wp-json\/wp\/v2\/users\/1"}],"replies":[{"embeddable":true,"href":"https:\/\/bloom.com.al\/it\/wp-json\/wp\/v2\/comments?post=1308"}],"version-history":[{"count":13,"href":"https:\/\/bloom.com.al\/it\/wp-json\/wp\/v2\/pages\/1308\/revisions"}],"predecessor-version":[{"id":4888,"href":"https:\/\/bloom.com.al\/it\/wp-json\/wp\/v2\/pages\/1308\/revisions\/4888"}],"wp:attachment":[{"href":"https:\/\/bloom.com.al\/it\/wp-json\/wp\/v2\/media?parent=1308"}],"curies":[{"name":"wp","href":"https:\/\/api.w.org\/{rel}","templated":true}]}}