{"id":1305,"date":"2025-01-06T07:36:45","date_gmt":"2025-01-06T07:36:45","guid":{"rendered":"https:\/\/dental.bloom.com.al\/?page_id=1305"},"modified":"2025-07-24T10:29:26","modified_gmt":"2025-07-24T10:29:26","slug":"blog","status":"publish","type":"page","link":"https:\/\/bloom.com.al\/it\/blog\/","title":{"rendered":"BLOG"},"content":{"rendered":"<div data-elementor-type=\"wp-page\" data-elementor-id=\"1305\" class=\"elementor elementor-1305\">\n\t\t\t\t<div class=\"elementor-element elementor-element-59958dd e-con-full e-flex e-con e-parent\" data-id=\"59958dd\" data-element_type=\"container\">\n\t\t<div class=\"elementor-element elementor-element-dde8795 e-con-full e-flex e-con e-child\" data-id=\"dde8795\" data-element_type=\"container\" data-settings=\"{&quot;background_background&quot;:&quot;classic&quot;}\">\n\t\t<div class=\"elementor-element elementor-element-04ddfd0 e-con-full e-flex e-con e-child\" data-id=\"04ddfd0\" data-element_type=\"container\">\n\t\t<div class=\"elementor-element elementor-element-d7044b3 e-con-full e-flex e-con e-child\" data-id=\"d7044b3\" data-element_type=\"container\">\n\t\t\t\t<div class=\"elementor-element elementor-element-fe1dee9 elementor-widget elementor-widget-heading\" data-id=\"fe1dee9\" data-element_type=\"widget\" data-widget_type=\"heading.default\">\n\t\t\t\t<div class=\"elementor-widget-container\">\n\t\t\t\t\t<h2 class=\"elementor-heading-title elementor-size-default\">Benvenuti<\/h2>\t\t\t\t<\/div>\n\t\t\t\t<\/div>\n\t\t\t\t<div class=\"elementor-element elementor-element-ed74694 elementor-widget elementor-widget-heading\" data-id=\"ed74694\" data-element_type=\"widget\" data-widget_type=\"heading.default\">\n\t\t\t\t<div class=\"elementor-widget-container\">\n\t\t\t\t\t<h1 class=\"elementor-heading-title elementor-size-default\">Blog dedicato alla Cura Dentale!<\/h1>\t\t\t\t<\/div>\n\t\t\t\t<\/div>\n\t\t\t\t<\/div>\n\t\t\t\t<\/div>\n\t\t\t\t<\/div>\n\t\t\t\t<\/div>\n\t\t<div class=\"elementor-element elementor-element-7ff2362 e-flex e-con-boxed e-con e-parent\" data-id=\"7ff2362\" data-element_type=\"container\">\n\t\t\t\t\t<div class=\"e-con-inner\">\n\t\t<div class=\"elementor-element elementor-element-ae42d46 e-con-full e-flex e-con e-child\" data-id=\"ae42d46\" data-element_type=\"container\">\n\t\t<div class=\"elementor-element elementor-element-7e4bcd5 e-con-full e-flex e-con e-child\" data-id=\"7e4bcd5\" data-element_type=\"container\">\n\t\t\t\t<div class=\"elementor-element elementor-element-a10098e txt-center elementor-widget elementor-widget-heading\" data-id=\"a10098e\" data-element_type=\"widget\" data-widget_type=\"heading.default\">\n\t\t\t\t<div class=\"elementor-widget-container\">\n\t\t\t\t\t<p class=\"elementor-heading-title elementor-size-default\">Questo blog \u00e8 stato creato con l\u2019obiettivo di offrirvi informazioni preziose e consigli pratici per mantenere la vostra salute orale e migliorare la vostra vita quotidiana. Crediamo che la cura dentale non sia solo soddisfare le esigenze di denti e gengive, ma faccia parte di uno stile di vita sano e completo.\nIn questo blog condivideremo con voi articoli e suggerimenti riguardanti l\u2019importanza di una buona igiene orale, nonch\u00e9 i metodi corretti per prevenire e trattare i problemi dentali.\nLa salute orale ha un impatto diretto sulla salute generale e, attraverso una corretta cura dentale, potete migliorare la qualit\u00e0 della vostra vita, evitare varie malattie e mantenere un sorriso sano e bello.<\/p>\t\t\t\t<\/div>\n\t\t\t\t<\/div>\n\t\t\t\t<\/div>\n\t\t\t\t<\/div>\n\t\t\t\t\t<\/div>\n\t\t\t\t<\/div>\n\t\t<div class=\"elementor-element elementor-element-2af1666 e-flex e-con-boxed e-con e-parent\" data-id=\"2af1666\" data-element_type=\"container\" data-settings=\"{&quot;background_background&quot;:&quot;classic&quot;}\">\n\t\t\t\t\t<div class=\"e-con-inner\">\n\t\t<div class=\"elementor-element elementor-element-290fde3 e-con-full e-flex e-con e-child\" data-id=\"290fde3\" data-element_type=\"container\">\n\t\t\t\t<div class=\"elementor-element elementor-element-b183aea elementor-widget elementor-widget-heading\" data-id=\"b183aea\" data-element_type=\"widget\" data-widget_type=\"heading.default\">\n\t\t\t\t<div class=\"elementor-widget-container\">\n\t\t\t\t\t<h1 class=\"elementor-heading-title elementor-size-default\">Consigli dalla Dr.ssa Jorida Jubani<\/h1>\t\t\t\t<\/div>\n\t\t\t\t<\/div>\n\t\t\t\t<\/div>\n\t\t<div class=\"elementor-element elementor-element-afbdaa6 e-con-full e-flex e-con e-child\" data-id=\"afbdaa6\" data-element_type=\"container\">\n\t\t<div class=\"elementor-element elementor-element-08aa3ad e-con-full e-flex e-con e-child\" data-id=\"08aa3ad\" data-element_type=\"container\" data-settings=\"{&quot;background_background&quot;:&quot;video&quot;,&quot;background_video_start&quot;:0}\">\n\t\t\t\t<div class=\"elementor-element elementor-element-d61454d elementor-widget elementor-widget-video\" data-id=\"d61454d\" data-element_type=\"widget\" data-settings=\"{&quot;video_type&quot;:&quot;hosted&quot;,&quot;controls&quot;:&quot;yes&quot;}\" data-widget_type=\"video.default\">\n\t\t\t\t<div class=\"elementor-widget-container\">\n\t\t\t\t\t\t\t<div class=\"e-hosted-video elementor-wrapper elementor-open-inline\">\n\t\t\t\t\t<video class=\"elementor-video\" src=\"http:\/\/bloom.com.al\/wp-content\/uploads\/2025\/01\/Video-Web-1.mp4\" controls=\"\" preload=\"metadata\" controlslist=\"nodownload\"><\/video>\n\t\t\t\t<\/div>\n\t\t\t\t\t\t<\/div>\n\t\t\t\t<\/div>\n\t\t\t\t<\/div>\n\t\t<div class=\"elementor-element elementor-element-47dfe81 e-con-full e-flex e-con e-child\" data-id=\"47dfe81\" data-element_type=\"container\" data-settings=\"{&quot;background_background&quot;:&quot;video&quot;}\">\n\t\t\t\t<div class=\"elementor-element elementor-element-ef350db elementor-widget elementor-widget-video\" data-id=\"ef350db\" data-element_type=\"widget\" data-settings=\"{&quot;video_type&quot;:&quot;hosted&quot;,&quot;controls&quot;:&quot;yes&quot;}\" data-widget_type=\"video.default\">\n\t\t\t\t<div class=\"elementor-widget-container\">\n\t\t\t\t\t\t\t<div class=\"e-hosted-video elementor-wrapper elementor-open-inline\">\n\t\t\t\t\t<video class=\"elementor-video\" src=\"http:\/\/bloom.com.al\/wp-content\/uploads\/2025\/01\/Video-Web-2.mp4\" controls=\"\" preload=\"metadata\" controlslist=\"nodownload\"><\/video>\n\t\t\t\t<\/div>\n\t\t\t\t\t\t<\/div>\n\t\t\t\t<\/div>\n\t\t\t\t<\/div>\n\t\t<div class=\"elementor-element elementor-element-36d1144 e-con-full e-flex e-con e-child\" data-id=\"36d1144\" data-element_type=\"container\" data-settings=\"{&quot;background_background&quot;:&quot;video&quot;}\">\n\t\t\t\t<div class=\"elementor-element elementor-element-1978ccf elementor-widget elementor-widget-video\" data-id=\"1978ccf\" data-element_type=\"widget\" data-settings=\"{&quot;video_type&quot;:&quot;hosted&quot;,&quot;autoplay&quot;:&quot;yes&quot;,&quot;play_on_mobile&quot;:&quot;yes&quot;,&quot;loop&quot;:&quot;yes&quot;,&quot;controls&quot;:&quot;yes&quot;}\" data-widget_type=\"video.default\">\n\t\t\t\t<div class=\"elementor-widget-container\">\n\t\t\t\t\t\t\t<div class=\"e-hosted-video elementor-wrapper elementor-open-inline\">\n\t\t\t\t\t<video class=\"elementor-video\" src=\"http:\/\/bloom.com.al\/wp-content\/uploads\/2025\/01\/Video-2025.mp4\" autoplay=\"\" loop=\"\" controls=\"\" playsinline=\"\" controlslist=\"nodownload\"><\/video>\n\t\t\t\t<\/div>\n\t\t\t\t\t\t<\/div>\n\t\t\t\t<\/div>\n\t\t\t\t<\/div>\n\t\t\t\t<\/div>\n\t\t\t\t\t<\/div>\n\t\t\t\t<\/div>\n\t\t<div class=\"elementor-element elementor-element-669fd62 e-flex e-con-boxed e-con e-parent\" data-id=\"669fd62\" data-element_type=\"container\" data-settings=\"{&quot;background_background&quot;:&quot;classic&quot;}\">\n\t\t\t\t\t<div class=\"e-con-inner\">\n\t\t<div class=\"elementor-element elementor-element-668a8f0 e-con-full e-flex e-con e-child\" data-id=\"668a8f0\" data-element_type=\"container\">\n\t\t<div class=\"elementor-element elementor-element-a694232 e-con-full e-flex e-con e-child\" data-id=\"a694232\" data-element_type=\"container\" data-settings=\"{&quot;background_background&quot;:&quot;classic&quot;}\">\n\t\t<div class=\"elementor-element elementor-element-d5d1377 e-con-full e-flex e-con e-child\" data-id=\"d5d1377\" data-element_type=\"container\">\n\t\t<div class=\"elementor-element elementor-element-2b1f7b2 e-con-full e-flex e-con e-child\" data-id=\"2b1f7b2\" data-element_type=\"container\">\n\t\t\t\t<div class=\"elementor-element elementor-element-fff73f8 elementor-widget elementor-widget-heading\" data-id=\"fff73f8\" data-element_type=\"widget\" data-widget_type=\"heading.default\">\n\t\t\t\t<div class=\"elementor-widget-container\">\n\t\t\t\t\t<h4 class=\"elementor-heading-title elementor-size-default\"><a href=\"https:\/\/bloom.com.al\/it\/2025\/01\/10\/invisalign-blog\/\">Perch\u00e9 Invisalign \u00e8 <br> pi\u00f9 adatto rispetto agli<br> apparecchi tradizionali<\/a><\/h4>\t\t\t\t<\/div>\n\t\t\t\t<\/div>\n\t\t\t\t<\/div>\n\t\t\t\t<\/div>\n\t\t<div class=\"elementor-element elementor-element-19d5075 e-con-full e-flex e-con e-child\" data-id=\"19d5075\" data-element_type=\"container\">\n\t\t\t\t<div class=\"elementor-element elementor-element-7290c88 elementor-widget elementor-widget-heading\" data-id=\"7290c88\" data-element_type=\"widget\" data-settings=\"{&quot;_animation&quot;:&quot;none&quot;}\" data-widget_type=\"heading.default\">\n\t\t\t\t<div class=\"elementor-widget-container\">\n\t\t\t\t\t<h5 class=\"elementor-heading-title elementor-size-default\"><a href=\"https:\/\/bloom.com.al\/it\/2025\/01\/10\/invisalign-blog\/\">LEGGI DI PI\u00d9<\/a><\/h5>\t\t\t\t<\/div>\n\t\t\t\t<\/div>\n\t\t\t\t<\/div>\n\t\t\t\t<\/div>\n\t\t<div class=\"elementor-element elementor-element-97e69a1 e-con-full e-flex e-con e-child\" data-id=\"97e69a1\" data-element_type=\"container\" data-settings=\"{&quot;background_background&quot;:&quot;classic&quot;}\">\n\t\t<div class=\"elementor-element elementor-element-35082d4 e-con-full e-flex e-con e-child\" data-id=\"35082d4\" data-element_type=\"container\">\n\t\t<div class=\"elementor-element elementor-element-3ab3953 e-con-full e-flex e-con e-child\" data-id=\"3ab3953\" data-element_type=\"container\">\n\t\t\t\t<div class=\"elementor-element elementor-element-2160345 elementor-widget elementor-widget-heading\" data-id=\"2160345\" data-element_type=\"widget\" data-settings=\"{&quot;_animation&quot;:&quot;none&quot;}\" data-widget_type=\"heading.default\">\n\t\t\t\t<div class=\"elementor-widget-container\">\n\t\t\t\t\t<h4 class=\"elementor-heading-title elementor-size-default\"><a href=\"https:\/\/bloom.com.al\/it\/2025\/01\/14\/implantet-dentare\/\">Come prendersi cura degli impianti dentali \u2013 Consigli pratici per la salute orale<\/a><\/h4>\t\t\t\t<\/div>\n\t\t\t\t<\/div>\n\t\t\t\t<\/div>\n\t\t\t\t<\/div>\n\t\t<div class=\"elementor-element elementor-element-fa6331c e-con-full e-flex e-con e-child\" data-id=\"fa6331c\" data-element_type=\"container\">\n\t\t\t\t<div class=\"elementor-element elementor-element-b1eb50d elementor-widget elementor-widget-heading\" data-id=\"b1eb50d\" data-element_type=\"widget\" data-settings=\"{&quot;_animation&quot;:&quot;none&quot;}\" data-widget_type=\"heading.default\">\n\t\t\t\t<div class=\"elementor-widget-container\">\n\t\t\t\t\t<h5 class=\"elementor-heading-title elementor-size-default\"><a href=\"https:\/\/bloom.com.al\/it\/2025\/01\/14\/implantet-dentare\/\">LEGGI DI PI\u00d9<\/a><\/h5>\t\t\t\t<\/div>\n\t\t\t\t<\/div>\n\t\t\t\t<\/div>\n\t\t\t\t<\/div>\n\t\t\t\t<\/div>\n\t\t<div class=\"elementor-element elementor-element-64b23ba e-con-full e-flex e-con e-child\" data-id=\"64b23ba\" data-element_type=\"container\">\n\t\t<div class=\"elementor-element elementor-element-9ffdeb1 e-con-full e-flex e-con e-child\" data-id=\"9ffdeb1\" data-element_type=\"container\" data-settings=\"{&quot;background_background&quot;:&quot;classic&quot;}\">\n\t\t<div class=\"elementor-element elementor-element-d9687c3 e-con-full e-flex e-con e-child\" data-id=\"d9687c3\" data-element_type=\"container\">\n\t\t<div class=\"elementor-element elementor-element-7b43e67 e-con-full e-flex e-con e-child\" data-id=\"7b43e67\" data-element_type=\"container\">\n\t\t\t\t<div class=\"elementor-element elementor-element-b8ae9c3 elementor-widget elementor-widget-heading\" data-id=\"b8ae9c3\" data-element_type=\"widget\" data-settings=\"{&quot;_animation&quot;:&quot;none&quot;}\" data-widget_type=\"heading.default\">\n\t\t\t\t<div class=\"elementor-widget-container\">\n\t\t\t\t\t<h4 class=\"elementor-heading-title elementor-size-default\"><a href=\"https:\/\/bloom.com.al\/it\/2025\/01\/14\/parandalim-i-gingivitit\/\">L\u2019importanza della prevenzione di gengivite e parodontite: la cura della salute orale<\/a><\/h4>\t\t\t\t<\/div>\n\t\t\t\t<\/div>\n\t\t\t\t<\/div>\n\t\t\t\t<\/div>\n\t\t<div class=\"elementor-element elementor-element-a35aa8c e-con-full e-flex e-con e-child\" data-id=\"a35aa8c\" data-element_type=\"container\">\n\t\t\t\t<div class=\"elementor-element elementor-element-c48141b elementor-widget elementor-widget-heading\" data-id=\"c48141b\" data-element_type=\"widget\" data-settings=\"{&quot;_animation&quot;:&quot;none&quot;}\" data-widget_type=\"heading.default\">\n\t\t\t\t<div class=\"elementor-widget-container\">\n\t\t\t\t\t<h5 class=\"elementor-heading-title elementor-size-default\"><a href=\"https:\/\/bloom.com.al\/it\/2025\/01\/14\/parandalim-i-gingivitit\/\">LEGGI DI PI\u00d9<\/a><\/h5>\t\t\t\t<\/div>\n\t\t\t\t<\/div>\n\t\t\t\t<\/div>\n\t\t\t\t<\/div>\n\t\t<div class=\"elementor-element elementor-element-c0e0bf4 e-con-full elementor-hidden-mobile e-flex e-con e-child\" data-id=\"c0e0bf4\" data-element_type=\"container\" data-settings=\"{&quot;background_background&quot;:&quot;classic&quot;}\">\n\t\t\t\t<\/div>\n\t\t\t\t<\/div>\n\t\t<div class=\"elementor-element elementor-element-503ea5e e-con-full e-flex e-con e-child\" data-id=\"503ea5e\" data-element_type=\"container\">\n\t\t\t\t<div class=\"elementor-element elementor-element-12d1744 elementor-widget elementor-widget-heading\" data-id=\"12d1744\" data-element_type=\"widget\" data-widget_type=\"heading.default\">\n\t\t\t\t<div class=\"elementor-widget-container\">\n\t\t\t\t\t<h1 class=\"elementor-heading-title elementor-size-default\">BLOG<\/h1>\t\t\t\t<\/div>\n\t\t\t\t<\/div>\n\t\t\t\t<\/div>\n\t\t\t\t\t<\/div>\n\t\t\t\t<\/div>\n\t\t<div class=\"elementor-element elementor-element-298b716 e-flex e-con-boxed e-con e-parent\" data-id=\"298b716\" data-element_type=\"container\">\n\t\t\t\t\t<div class=\"e-con-inner\">\n\t\t\t\t<div class=\"elementor-element elementor-element-3809910 elementor-widget elementor-widget-html\" data-id=\"3809910\" data-element_type=\"widget\" data-widget_type=\"html.default\">\n\t\t\t\t<div class=\"elementor-widget-container\">\n\t\t\t\t\t<style>\n    .Feedback{\n        display: none !important;\n    }\n     .Caption{\n        display: :none !important;\n    }\n      .Footer{\n        display: none !important;\n    }\n<\/style>\t\t\t\t<\/div>\n\t\t\t\t<\/div>\n\t\t\t\t\t<\/div>\n\t\t\t\t<\/div>\n\t\t\t\t<\/div>","protected":false},"excerpt":{"rendered":"<p>mir\u00ebsevini Blogu Bloom i Kujdesit Dentar! Ky blog \u00ebsht\u00eb krijuar me q\u00ebllimin p\u00ebr t&#8217;ju ofruar informacione t\u00eb vlefshme dhe k\u00ebshilla praktike p\u00ebr t\u00eb ruajtur sh\u00ebndetin tuaj oral dhe p\u00ebr t\u00eb p\u00ebrmir\u00ebsuar jetes\u00ebn tuaj t\u00eb p\u00ebrditshme. Ne besojm\u00eb se kujdesi dentar nuk \u00ebsht\u00eb vet\u00ebm p\u00ebrmbushje e nevojave t\u00eb dh\u00ebmb\u00ebve dhe gingiv\u00ebs, por gjithashtu \u00ebsht\u00eb pjes\u00eb e &hellip; <\/p>\n<p class=\"link-more\"><a href=\"https:\/\/bloom.com.al\/it\/blog\/\" class=\"more-link\">Leggi tutto<span class=\"screen-reader-text\"> &#8220;BLOG&#8221;<\/span><\/a><\/p>","protected":false},"author":1,"featured_media":0,"parent":0,"menu_order":0,"comment_status":"closed","ping_status":"closed","template":"elementor_header_footer","meta":{"om_disable_all_campaigns":false,"_monsterinsights_skip_tracking":false,"_monsterinsights_sitenote_active":false,"_monsterinsights_sitenote_note":"","_monsterinsights_sitenote_category":0,"footnotes":""},"class_list":["post-1305","page","type-page","status-publish","hentry"],"aioseo_notices":[],"_links":{"self":[{"href":"https:\/\/bloom.com.al\/it\/wp-json\/wp\/v2\/pages\/1305","targetHints":{"allow":["GET"]}}],"collection":[{"href":"https:\/\/bloom.com.al\/it\/wp-json\/wp\/v2\/pages"}],"about":[{"href":"https:\/\/bloom.com.al\/it\/wp-json\/wp\/v2\/types\/page"}],"author":[{"embeddable":true,"href":"https:\/\/bloom.com.al\/it\/wp-json\/wp\/v2\/users\/1"}],"replies":[{"embeddable":true,"href":"https:\/\/bloom.com.al\/it\/wp-json\/wp\/v2\/comments?post=1305"}],"version-history":[{"count":73,"href":"https:\/\/bloom.com.al\/it\/wp-json\/wp\/v2\/pages\/1305\/revisions"}],"predecessor-version":[{"id":4925,"href":"https:\/\/bloom.com.al\/it\/wp-json\/wp\/v2\/pages\/1305\/revisions\/4925"}],"wp:attachment":[{"href":"https:\/\/bloom.com.al\/it\/wp-json\/wp\/v2\/media?parent=1305"}],"curies":[{"name":"wp","href":"https:\/\/api.w.org\/{rel}","templated":true}]}}