{"id":1302,"date":"2025-01-06T07:36:27","date_gmt":"2025-01-06T07:36:27","guid":{"rendered":"https:\/\/dental.bloom.com.al\/?page_id=1302"},"modified":"2025-07-17T07:41:22","modified_gmt":"2025-07-17T07:41:22","slug":"casi-clinici","status":"publish","type":"page","link":"https:\/\/bloom.com.al\/it\/casi-clinici\/","title":{"rendered":"CASI CLINICI"},"content":{"rendered":"<div data-elementor-type=\"wp-page\" data-elementor-id=\"1302\" class=\"elementor elementor-1302\">\n\t\t\t\t<div class=\"elementor-element elementor-element-3032339 e-flex e-con-boxed e-con e-parent\" data-id=\"3032339\" data-element_type=\"container\">\n\t\t\t\t\t<div class=\"e-con-inner\">\n\t\t\t\t<div class=\"elementor-element elementor-element-e1da9e3 elementor-widget elementor-widget-heading\" data-id=\"e1da9e3\" data-element_type=\"widget\" data-widget_type=\"heading.default\">\n\t\t\t\t<div class=\"elementor-widget-container\">\n\t\t\t\t\t<h1 class=\"elementor-heading-title elementor-size-default\">CASI CLINICI <\/h1>\t\t\t\t<\/div>\n\t\t\t\t<\/div>\n\t\t\t\t\t<\/div>\n\t\t\t\t<\/div>\n\t\t<div class=\"elementor-element elementor-element-4d80d26 e-flex e-con-boxed e-con e-parent\" data-id=\"4d80d26\" data-element_type=\"container\">\n\t\t\t\t\t<div class=\"e-con-inner\">\n\t\t<div class=\"elementor-element elementor-element-8a0d28d e-con-full e-flex e-con e-child\" data-id=\"8a0d28d\" data-element_type=\"container\">\n\t\t<div class=\"elementor-element elementor-element-323923d e-con-full e-flex e-con e-child\" data-id=\"323923d\" data-element_type=\"container\">\n\t\t<div class=\"elementor-element elementor-element-05df5dc e-con-full e-flex e-con e-child\" data-id=\"05df5dc\" data-element_type=\"container\">\n\t\t\t\t<div class=\"elementor-element elementor-element-feea885 elementor-widget elementor-widget-image\" data-id=\"feea885\" data-element_type=\"widget\" data-widget_type=\"image.default\">\n\t\t\t\t<div class=\"elementor-widget-container\">\n\t\t\t\t\t\t\t\t\t\t\t\t\t\t\t<img fetchpriority=\"high\" decoding=\"async\" width=\"2560\" height=\"1920\" src=\"https:\/\/bloom.com.al\/wp-content\/uploads\/2025\/01\/1-scaled.jpeg\" class=\"attachment-full size-full wp-image-1581\" alt=\"Dh\u00ebmbet e klientit para sh\u00ebrbimit\" srcset=\"https:\/\/bloom.com.al\/wp-content\/uploads\/2025\/01\/1-scaled.jpeg 2560w, https:\/\/bloom.com.al\/wp-content\/uploads\/2025\/01\/1-300x225.jpeg 300w, https:\/\/bloom.com.al\/wp-content\/uploads\/2025\/01\/1-1024x768.jpeg 1024w, https:\/\/bloom.com.al\/wp-content\/uploads\/2025\/01\/1-2000x1500.jpeg 2000w, https:\/\/bloom.com.al\/wp-content\/uploads\/2025\/01\/1-scaled-1536x1152.jpeg 1536w, https:\/\/bloom.com.al\/wp-content\/uploads\/2025\/01\/1-scaled-2048x1536.jpeg 2048w, https:\/\/bloom.com.al\/wp-content\/uploads\/2025\/01\/1-scaled-16x12.jpeg 16w\" sizes=\"100vw\" \/>\t\t\t\t\t\t\t\t\t\t\t\t\t\t\t<\/div>\n\t\t\t\t<\/div>\n\t\t\t\t<\/div>\n\t\t<div class=\"elementor-element elementor-element-4f6d84d e-con-full e-flex e-con e-child\" data-id=\"4f6d84d\" data-element_type=\"container\">\n\t\t\t\t<div class=\"elementor-element elementor-element-363740a elementor-widget elementor-widget-image\" data-id=\"363740a\" data-element_type=\"widget\" data-widget_type=\"image.default\">\n\t\t\t\t<div class=\"elementor-widget-container\">\n\t\t\t\t\t\t\t\t\t\t\t\t\t\t\t<img decoding=\"async\" width=\"2560\" height=\"1804\" src=\"https:\/\/bloom.com.al\/wp-content\/uploads\/2025\/01\/2-scaled.jpeg\" class=\"attachment-full size-full wp-image-1585\" alt=\"Dh\u00ebmbet e klientit pas sh\u00ebrbimit\" srcset=\"https:\/\/bloom.com.al\/wp-content\/uploads\/2025\/01\/2-scaled.jpeg 2560w, https:\/\/bloom.com.al\/wp-content\/uploads\/2025\/01\/2-300x211.jpeg 300w, https:\/\/bloom.com.al\/wp-content\/uploads\/2025\/01\/2-1024x722.jpeg 1024w, https:\/\/bloom.com.al\/wp-content\/uploads\/2025\/01\/2-2000x1409.jpeg 2000w, https:\/\/bloom.com.al\/wp-content\/uploads\/2025\/01\/2-scaled-1536x1082.jpeg 1536w, https:\/\/bloom.com.al\/wp-content\/uploads\/2025\/01\/2-scaled-2048x1443.jpeg 2048w, https:\/\/bloom.com.al\/wp-content\/uploads\/2025\/01\/2-scaled-18x12.jpeg 18w\" sizes=\"100vw\" \/>\t\t\t\t\t\t\t\t\t\t\t\t\t\t\t<\/div>\n\t\t\t\t<\/div>\n\t\t\t\t<\/div>\n\t\t\t\t<\/div>\n\t\t<div class=\"elementor-element elementor-element-fb135bb e-con-full e-flex e-con e-child\" data-id=\"fb135bb\" data-element_type=\"container\">\n\t\t\t\t<div class=\"elementor-element elementor-element-18c9211 animated-fast elementor-widget elementor-widget-heading\" data-id=\"18c9211\" data-element_type=\"widget\" data-settings=\"{&quot;_animation&quot;:&quot;none&quot;}\" data-widget_type=\"heading.default\">\n\t\t\t\t<div class=\"elementor-widget-container\">\n\t\t\t\t\t<h2 class=\"elementor-heading-title elementor-size-default\">FACCETTE DENTALI <\/h2>\t\t\t\t<\/div>\n\t\t\t\t<\/div>\n\t\t\t\t<\/div>\n\t\t\t\t<\/div>\n\t\t\t\t\t<\/div>\n\t\t\t\t<\/div>\n\t\t<div class=\"elementor-element elementor-element-e35e756 e-flex e-con-boxed e-con e-parent\" data-id=\"e35e756\" data-element_type=\"container\">\n\t\t\t\t\t<div class=\"e-con-inner\">\n\t\t<div class=\"elementor-element elementor-element-971c424 e-con-full e-flex e-con e-child\" data-id=\"971c424\" data-element_type=\"container\">\n\t\t<div class=\"elementor-element elementor-element-09144ef e-con-full e-flex e-con e-child\" data-id=\"09144ef\" data-element_type=\"container\">\n\t\t<div class=\"elementor-element elementor-element-214cfd7 e-con-full e-flex e-con e-child\" data-id=\"214cfd7\" data-element_type=\"container\">\n\t\t\t\t<div class=\"elementor-element elementor-element-b958c06 elementor-widget elementor-widget-image\" data-id=\"b958c06\" data-element_type=\"widget\" data-widget_type=\"image.default\">\n\t\t\t\t<div class=\"elementor-widget-container\">\n\t\t\t\t\t\t\t\t\t\t\t\t\t\t\t<img decoding=\"async\" width=\"2560\" height=\"1920\" src=\"https:\/\/bloom.com.al\/wp-content\/uploads\/2025\/01\/3-scaled.jpeg\" class=\"attachment-full size-full wp-image-1586\" alt=\"Dh\u00ebmbet e nj\u00eb personi para sh\u00ebrbimit - PASTRIM GUR\u00cbZASH\" srcset=\"https:\/\/bloom.com.al\/wp-content\/uploads\/2025\/01\/3-scaled.jpeg 2560w, https:\/\/bloom.com.al\/wp-content\/uploads\/2025\/01\/3-300x225.jpeg 300w, https:\/\/bloom.com.al\/wp-content\/uploads\/2025\/01\/3-1024x768.jpeg 1024w, https:\/\/bloom.com.al\/wp-content\/uploads\/2025\/01\/3-2000x1500.jpeg 2000w, https:\/\/bloom.com.al\/wp-content\/uploads\/2025\/01\/3-scaled-1536x1152.jpeg 1536w, https:\/\/bloom.com.al\/wp-content\/uploads\/2025\/01\/3-scaled-2048x1536.jpeg 2048w, https:\/\/bloom.com.al\/wp-content\/uploads\/2025\/01\/3-scaled-16x12.jpeg 16w\" sizes=\"100vw\" \/>\t\t\t\t\t\t\t\t\t\t\t\t\t\t\t<\/div>\n\t\t\t\t<\/div>\n\t\t\t\t<\/div>\n\t\t<div class=\"elementor-element elementor-element-22ba6b4 e-con-full e-flex e-con e-child\" data-id=\"22ba6b4\" data-element_type=\"container\">\n\t\t\t\t<div class=\"elementor-element elementor-element-e1deda2 elementor-widget elementor-widget-image\" data-id=\"e1deda2\" data-element_type=\"widget\" data-widget_type=\"image.default\">\n\t\t\t\t<div class=\"elementor-widget-container\">\n\t\t\t\t\t\t\t\t\t\t\t\t\t\t\t<img loading=\"lazy\" decoding=\"async\" width=\"2560\" height=\"2065\" src=\"https:\/\/bloom.com.al\/wp-content\/uploads\/2025\/01\/4-scaled.jpeg\" class=\"attachment-full size-full wp-image-1587\" alt=\"Rast klinik te nj\u00eb person pas sh\u00ebrbimit - PASTRIM GUR\u00cbZASH\" srcset=\"https:\/\/bloom.com.al\/wp-content\/uploads\/2025\/01\/4-scaled.jpeg 2560w, https:\/\/bloom.com.al\/wp-content\/uploads\/2025\/01\/4-300x242.jpeg 300w, https:\/\/bloom.com.al\/wp-content\/uploads\/2025\/01\/4-1024x826.jpeg 1024w, https:\/\/bloom.com.al\/wp-content\/uploads\/2025\/01\/4-2000x1613.jpeg 2000w, https:\/\/bloom.com.al\/wp-content\/uploads\/2025\/01\/4-scaled-1536x1239.jpeg 1536w, https:\/\/bloom.com.al\/wp-content\/uploads\/2025\/01\/4-scaled-2048x1652.jpeg 2048w, https:\/\/bloom.com.al\/wp-content\/uploads\/2025\/01\/4-scaled-15x12.jpeg 15w\" sizes=\"100vw\" \/>\t\t\t\t\t\t\t\t\t\t\t\t\t\t\t<\/div>\n\t\t\t\t<\/div>\n\t\t\t\t<\/div>\n\t\t\t\t<\/div>\n\t\t<div class=\"elementor-element elementor-element-f399253 e-con-full e-flex e-con e-child\" data-id=\"f399253\" data-element_type=\"container\">\n\t\t\t\t<div class=\"elementor-element elementor-element-43a02ff elementor-widget elementor-widget-heading\" data-id=\"43a02ff\" data-element_type=\"widget\" data-widget_type=\"heading.default\">\n\t\t\t\t<div class=\"elementor-widget-container\">\n\t\t\t\t\t<h2 class=\"elementor-heading-title elementor-size-default\">PULIZIA DEL TARTARO <\/h2>\t\t\t\t<\/div>\n\t\t\t\t<\/div>\n\t\t\t\t<\/div>\n\t\t\t\t<\/div>\n\t\t\t\t\t<\/div>\n\t\t\t\t<\/div>\n\t\t<div class=\"elementor-element elementor-element-8fe239b e-flex e-con-boxed e-con e-parent\" data-id=\"8fe239b\" data-element_type=\"container\">\n\t\t\t\t\t<div class=\"e-con-inner\">\n\t\t<div class=\"elementor-element elementor-element-26995db e-con-full e-flex e-con e-child\" data-id=\"26995db\" data-element_type=\"container\">\n\t\t<div class=\"elementor-element elementor-element-0bd6234 e-con-full e-flex e-con e-child\" data-id=\"0bd6234\" data-element_type=\"container\">\n\t\t<div class=\"elementor-element elementor-element-fa2f75a e-con-full e-flex e-con e-child\" data-id=\"fa2f75a\" data-element_type=\"container\">\n\t\t\t\t<div class=\"elementor-element elementor-element-0e000c4 elementor-widget elementor-widget-image\" data-id=\"0e000c4\" data-element_type=\"widget\" data-widget_type=\"image.default\">\n\t\t\t\t<div class=\"elementor-widget-container\">\n\t\t\t\t\t\t\t\t\t\t\t\t\t\t\t<img loading=\"lazy\" decoding=\"async\" width=\"552\" height=\"553\" src=\"https:\/\/bloom.com.al\/wp-content\/uploads\/2025\/01\/5.jpeg\" class=\"attachment-full size-full wp-image-1591\" alt=\"Dh\u00ebmbet e nj\u00eb personi para sh\u00ebrbimit - K\u00cbLL\u00cbF ZIRKONI\" srcset=\"https:\/\/bloom.com.al\/wp-content\/uploads\/2025\/01\/5.jpeg 552w, https:\/\/bloom.com.al\/wp-content\/uploads\/2025\/01\/5-300x300.jpeg 300w, https:\/\/bloom.com.al\/wp-content\/uploads\/2025\/01\/5-150x150.jpeg 150w, https:\/\/bloom.com.al\/wp-content\/uploads\/2025\/01\/5-12x12.jpeg 12w\" sizes=\"100vw\" \/>\t\t\t\t\t\t\t\t\t\t\t\t\t\t\t<\/div>\n\t\t\t\t<\/div>\n\t\t\t\t<\/div>\n\t\t<div class=\"elementor-element elementor-element-6ee45c3 e-con-full e-flex e-con e-child\" data-id=\"6ee45c3\" data-element_type=\"container\">\n\t\t\t\t<div class=\"elementor-element elementor-element-006e414 elementor-widget elementor-widget-image\" data-id=\"006e414\" data-element_type=\"widget\" data-widget_type=\"image.default\">\n\t\t\t\t<div class=\"elementor-widget-container\">\n\t\t\t\t\t\t\t\t\t\t\t\t\t\t\t<img loading=\"lazy\" decoding=\"async\" width=\"1066\" height=\"594\" src=\"https:\/\/bloom.com.al\/wp-content\/uploads\/2025\/01\/6.jpeg\" class=\"attachment-full size-full wp-image-1592\" alt=\"Dh\u00ebmbet e nj\u00eb personi pas sh\u00ebrbimit - K\u00cbLL\u00cbF ZIRKONI\" srcset=\"https:\/\/bloom.com.al\/wp-content\/uploads\/2025\/01\/6.jpeg 1066w, https:\/\/bloom.com.al\/wp-content\/uploads\/2025\/01\/6-300x167.jpeg 300w, https:\/\/bloom.com.al\/wp-content\/uploads\/2025\/01\/6-1024x571.jpeg 1024w, https:\/\/bloom.com.al\/wp-content\/uploads\/2025\/01\/6-18x10.jpeg 18w\" sizes=\"100vw\" \/>\t\t\t\t\t\t\t\t\t\t\t\t\t\t\t<\/div>\n\t\t\t\t<\/div>\n\t\t\t\t<\/div>\n\t\t\t\t<\/div>\n\t\t<div class=\"elementor-element elementor-element-f710610 e-con-full e-flex e-con e-child\" data-id=\"f710610\" data-element_type=\"container\">\n\t\t\t\t<div class=\"elementor-element elementor-element-fb078a2 elementor-widget elementor-widget-heading\" data-id=\"fb078a2\" data-element_type=\"widget\" data-widget_type=\"heading.default\">\n\t\t\t\t<div class=\"elementor-widget-container\">\n\t\t\t\t\t<h2 class=\"elementor-heading-title elementor-size-default\">CAPPETTA IN ZIRCONIA<\/h2>\t\t\t\t<\/div>\n\t\t\t\t<\/div>\n\t\t\t\t<\/div>\n\t\t\t\t<\/div>\n\t\t\t\t\t<\/div>\n\t\t\t\t<\/div>\n\t\t<div class=\"elementor-element elementor-element-ca9cefe e-flex e-con-boxed e-con e-parent\" data-id=\"ca9cefe\" data-element_type=\"container\">\n\t\t\t\t\t<div class=\"e-con-inner\">\n\t\t<div class=\"elementor-element elementor-element-a669c1d e-con-full e-flex e-con e-child\" data-id=\"a669c1d\" data-element_type=\"container\">\n\t\t<div class=\"elementor-element elementor-element-1d5bcce e-con-full e-flex e-con e-child\" data-id=\"1d5bcce\" data-element_type=\"container\">\n\t\t<div class=\"elementor-element elementor-element-167e915 e-con-full e-flex e-con e-child\" data-id=\"167e915\" data-element_type=\"container\">\n\t\t\t\t<div class=\"elementor-element elementor-element-014d8f0 elementor-widget elementor-widget-image\" data-id=\"014d8f0\" data-element_type=\"widget\" data-widget_type=\"image.default\">\n\t\t\t\t<div class=\"elementor-widget-container\">\n\t\t\t\t\t\t\t\t\t\t\t\t\t\t\t<img loading=\"lazy\" decoding=\"async\" width=\"1280\" height=\"960\" src=\"https:\/\/bloom.com.al\/wp-content\/uploads\/2025\/01\/7.jpeg\" class=\"attachment-full size-full wp-image-1593\" alt=\"Dh\u00ebmbet e nj\u00eb personi para sh\u00ebrbimit - Mbushje estetike\" srcset=\"https:\/\/bloom.com.al\/wp-content\/uploads\/2025\/01\/7.jpeg 1280w, https:\/\/bloom.com.al\/wp-content\/uploads\/2025\/01\/7-300x225.jpeg 300w, https:\/\/bloom.com.al\/wp-content\/uploads\/2025\/01\/7-1024x768.jpeg 1024w, https:\/\/bloom.com.al\/wp-content\/uploads\/2025\/01\/7-16x12.jpeg 16w\" sizes=\"100vw\" \/>\t\t\t\t\t\t\t\t\t\t\t\t\t\t\t<\/div>\n\t\t\t\t<\/div>\n\t\t\t\t<\/div>\n\t\t<div class=\"elementor-element elementor-element-7a28a00 e-con-full e-flex e-con e-child\" data-id=\"7a28a00\" data-element_type=\"container\">\n\t\t\t\t<div class=\"elementor-element elementor-element-967c50d elementor-widget elementor-widget-image\" data-id=\"967c50d\" data-element_type=\"widget\" data-widget_type=\"image.default\">\n\t\t\t\t<div class=\"elementor-widget-container\">\n\t\t\t\t\t\t\t\t\t\t\t\t\t\t\t<img loading=\"lazy\" decoding=\"async\" width=\"1280\" height=\"960\" src=\"https:\/\/bloom.com.al\/wp-content\/uploads\/2025\/01\/8.jpeg\" class=\"attachment-full size-full wp-image-1594\" alt=\"Dh\u00ebmbet e nj\u00eb personi pas sh\u00ebrbimit - Mbushje estetike\" srcset=\"https:\/\/bloom.com.al\/wp-content\/uploads\/2025\/01\/8.jpeg 1280w, https:\/\/bloom.com.al\/wp-content\/uploads\/2025\/01\/8-300x225.jpeg 300w, https:\/\/bloom.com.al\/wp-content\/uploads\/2025\/01\/8-1024x768.jpeg 1024w, https:\/\/bloom.com.al\/wp-content\/uploads\/2025\/01\/8-16x12.jpeg 16w\" sizes=\"100vw\" \/>\t\t\t\t\t\t\t\t\t\t\t\t\t\t\t<\/div>\n\t\t\t\t<\/div>\n\t\t\t\t<\/div>\n\t\t\t\t<\/div>\n\t\t<div class=\"elementor-element elementor-element-f0f2f4a e-con-full e-flex e-con e-child\" data-id=\"f0f2f4a\" data-element_type=\"container\">\n\t\t\t\t<div class=\"elementor-element elementor-element-c19126f elementor-widget elementor-widget-heading\" data-id=\"c19126f\" data-element_type=\"widget\" data-settings=\"{&quot;_animation&quot;:&quot;none&quot;}\" data-widget_type=\"heading.default\">\n\t\t\t\t<div class=\"elementor-widget-container\">\n\t\t\t\t\t<h2 class=\"elementor-heading-title elementor-size-default\">FILLER ESTETICO<\/h2>\t\t\t\t<\/div>\n\t\t\t\t<\/div>\n\t\t\t\t<\/div>\n\t\t\t\t<\/div>\n\t\t\t\t\t<\/div>\n\t\t\t\t<\/div>\n\t\t<div class=\"elementor-element elementor-element-c54ba24 e-flex e-con-boxed e-con e-parent\" data-id=\"c54ba24\" data-element_type=\"container\">\n\t\t\t\t\t<div class=\"e-con-inner\">\n\t\t<div class=\"elementor-element elementor-element-87b3965 e-con-full e-flex e-con e-child\" data-id=\"87b3965\" data-element_type=\"container\">\n\t\t<div class=\"elementor-element elementor-element-e3441b4 e-con-full e-flex e-con e-child\" data-id=\"e3441b4\" data-element_type=\"container\">\n\t\t<div class=\"elementor-element elementor-element-75675a2 e-con-full e-flex e-con e-child\" data-id=\"75675a2\" data-element_type=\"container\">\n\t\t\t\t<div class=\"elementor-element elementor-element-8eaa447 elementor-widget elementor-widget-image\" data-id=\"8eaa447\" data-element_type=\"widget\" data-widget_type=\"image.default\">\n\t\t\t\t<div class=\"elementor-widget-container\">\n\t\t\t\t\t\t\t\t\t\t\t\t\t\t\t<img loading=\"lazy\" decoding=\"async\" width=\"606\" height=\"647\" src=\"https:\/\/bloom.com.al\/wp-content\/uploads\/2025\/01\/9.jpeg\" class=\"attachment-full size-full wp-image-1595\" alt=\"Rezultati para kryerjes s\u00eb sh\u00ebrbimit - K\u00cbLL\u00cbF ZIRKONI\" srcset=\"https:\/\/bloom.com.al\/wp-content\/uploads\/2025\/01\/9.jpeg 606w, https:\/\/bloom.com.al\/wp-content\/uploads\/2025\/01\/9-281x300.jpeg 281w, https:\/\/bloom.com.al\/wp-content\/uploads\/2025\/01\/9-11x12.jpeg 11w\" sizes=\"100vw\" \/>\t\t\t\t\t\t\t\t\t\t\t\t\t\t\t<\/div>\n\t\t\t\t<\/div>\n\t\t\t\t<\/div>\n\t\t<div class=\"elementor-element elementor-element-b3f183d e-con-full e-flex e-con e-child\" data-id=\"b3f183d\" data-element_type=\"container\">\n\t\t\t\t<div class=\"elementor-element elementor-element-17fb37a elementor-widget elementor-widget-image\" data-id=\"17fb37a\" data-element_type=\"widget\" data-widget_type=\"image.default\">\n\t\t\t\t<div class=\"elementor-widget-container\">\n\t\t\t\t\t\t\t\t\t\t\t\t\t\t\t<img loading=\"lazy\" decoding=\"async\" width=\"1200\" height=\"514\" src=\"https:\/\/bloom.com.al\/wp-content\/uploads\/2025\/01\/10.jpeg\" class=\"attachment-full size-full wp-image-1596\" alt=\"Rezultati pas kryerjes s\u00eb sh\u00ebrbimit - K\u00cbLL\u00cbF ZIRKONI\" srcset=\"https:\/\/bloom.com.al\/wp-content\/uploads\/2025\/01\/10.jpeg 1200w, https:\/\/bloom.com.al\/wp-content\/uploads\/2025\/01\/10-300x129.jpeg 300w, https:\/\/bloom.com.al\/wp-content\/uploads\/2025\/01\/10-1024x439.jpeg 1024w, https:\/\/bloom.com.al\/wp-content\/uploads\/2025\/01\/10-18x8.jpeg 18w\" sizes=\"100vw\" \/>\t\t\t\t\t\t\t\t\t\t\t\t\t\t\t<\/div>\n\t\t\t\t<\/div>\n\t\t\t\t<\/div>\n\t\t\t\t<\/div>\n\t\t<div class=\"elementor-element elementor-element-136a20e e-con-full e-flex e-con e-child\" data-id=\"136a20e\" data-element_type=\"container\">\n\t\t\t\t<div class=\"elementor-element elementor-element-4dbd3f1 elementor-widget elementor-widget-heading\" data-id=\"4dbd3f1\" data-element_type=\"widget\" data-settings=\"{&quot;_animation&quot;:&quot;none&quot;}\" data-widget_type=\"heading.default\">\n\t\t\t\t<div class=\"elementor-widget-container\">\n\t\t\t\t\t<h2 class=\"elementor-heading-title elementor-size-default\">CAPPETTA IN ZIRCONIA<\/h2>\t\t\t\t<\/div>\n\t\t\t\t<\/div>\n\t\t\t\t<\/div>\n\t\t\t\t<\/div>\n\t\t\t\t\t<\/div>\n\t\t\t\t<\/div>\n\t\t<div class=\"elementor-element elementor-element-723225c e-flex e-con-boxed e-con e-parent\" data-id=\"723225c\" data-element_type=\"container\">\n\t\t\t\t\t<div class=\"e-con-inner\">\n\t\t<div class=\"elementor-element elementor-element-26cbe13 e-con-full e-flex e-con e-child\" data-id=\"26cbe13\" data-element_type=\"container\">\n\t\t<div class=\"elementor-element elementor-element-19a8c69 e-con-full e-flex e-con e-child\" data-id=\"19a8c69\" data-element_type=\"container\">\n\t\t<div class=\"elementor-element elementor-element-bdcb550 e-con-full e-flex e-con e-child\" data-id=\"bdcb550\" data-element_type=\"container\">\n\t\t\t\t<div class=\"elementor-element elementor-element-9d43c15 elementor-widget elementor-widget-image\" data-id=\"9d43c15\" data-element_type=\"widget\" data-widget_type=\"image.default\">\n\t\t\t\t<div class=\"elementor-widget-container\">\n\t\t\t\t\t\t\t\t\t\t\t\t\t\t\t<img loading=\"lazy\" decoding=\"async\" width=\"2560\" height=\"2257\" src=\"https:\/\/bloom.com.al\/wp-content\/uploads\/2025\/01\/11-scaled.jpeg\" class=\"attachment-full size-full wp-image-1597\" alt=\"Rezultati para kryerjes s\u00eb sh\u00ebrbimit te zbardhimit te dh\u00ebmb\u00ebve\" srcset=\"https:\/\/bloom.com.al\/wp-content\/uploads\/2025\/01\/11-scaled.jpeg 2560w, https:\/\/bloom.com.al\/wp-content\/uploads\/2025\/01\/11-300x264.jpeg 300w, https:\/\/bloom.com.al\/wp-content\/uploads\/2025\/01\/11-1024x903.jpeg 1024w, https:\/\/bloom.com.al\/wp-content\/uploads\/2025\/01\/11-2000x1763.jpeg 2000w, https:\/\/bloom.com.al\/wp-content\/uploads\/2025\/01\/11-scaled-1536x1354.jpeg 1536w, https:\/\/bloom.com.al\/wp-content\/uploads\/2025\/01\/11-scaled-2048x1806.jpeg 2048w, https:\/\/bloom.com.al\/wp-content\/uploads\/2025\/01\/11-scaled-14x12.jpeg 14w\" sizes=\"100vw\" \/>\t\t\t\t\t\t\t\t\t\t\t\t\t\t\t<\/div>\n\t\t\t\t<\/div>\n\t\t\t\t<\/div>\n\t\t<div class=\"elementor-element elementor-element-7b2976b e-con-full e-flex e-con e-child\" data-id=\"7b2976b\" data-element_type=\"container\">\n\t\t\t\t<div class=\"elementor-element elementor-element-23b82d3 elementor-widget elementor-widget-image\" data-id=\"23b82d3\" data-element_type=\"widget\" data-widget_type=\"image.default\">\n\t\t\t\t<div class=\"elementor-widget-container\">\n\t\t\t\t\t\t\t\t\t\t\t\t\t\t\t<img loading=\"lazy\" decoding=\"async\" width=\"2560\" height=\"1920\" src=\"https:\/\/bloom.com.al\/wp-content\/uploads\/2025\/01\/12-scaled.jpeg\" class=\"attachment-full size-full wp-image-1598\" alt=\"Rezultati pas kryerjes s\u00eb sh\u00ebrbimit te zbardhimit te dh\u00ebmb\u00ebve\" srcset=\"https:\/\/bloom.com.al\/wp-content\/uploads\/2025\/01\/12-scaled.jpeg 2560w, https:\/\/bloom.com.al\/wp-content\/uploads\/2025\/01\/12-300x225.jpeg 300w, https:\/\/bloom.com.al\/wp-content\/uploads\/2025\/01\/12-1024x768.jpeg 1024w, https:\/\/bloom.com.al\/wp-content\/uploads\/2025\/01\/12-2000x1500.jpeg 2000w, https:\/\/bloom.com.al\/wp-content\/uploads\/2025\/01\/12-scaled-1536x1152.jpeg 1536w, https:\/\/bloom.com.al\/wp-content\/uploads\/2025\/01\/12-scaled-2048x1536.jpeg 2048w, https:\/\/bloom.com.al\/wp-content\/uploads\/2025\/01\/12-scaled-16x12.jpeg 16w\" sizes=\"100vw\" \/>\t\t\t\t\t\t\t\t\t\t\t\t\t\t\t<\/div>\n\t\t\t\t<\/div>\n\t\t\t\t<\/div>\n\t\t\t\t<\/div>\n\t\t<div class=\"elementor-element elementor-element-94c5a37 e-con-full e-flex e-con e-child\" data-id=\"94c5a37\" data-element_type=\"container\">\n\t\t\t\t<div class=\"elementor-element elementor-element-9fc0f0b elementor-widget elementor-widget-heading\" data-id=\"9fc0f0b\" data-element_type=\"widget\" data-settings=\"{&quot;_animation&quot;:&quot;none&quot;}\" data-widget_type=\"heading.default\">\n\t\t\t\t<div class=\"elementor-widget-container\">\n\t\t\t\t\t<h2 class=\"elementor-heading-title elementor-size-default\">SBARANATURA DENTALE <\/h2>\t\t\t\t<\/div>\n\t\t\t\t<\/div>\n\t\t\t\t<\/div>\n\t\t\t\t<\/div>\n\t\t\t\t\t<\/div>\n\t\t\t\t<\/div>\n\t\t\t\t<\/div>","protected":false},"excerpt":{"rendered":"<p>RASTE KLINIKE FASETA DENTARE PASTRIM GUR\u00cbZASH K\u00cbLL\u00cbF ZIRKONI MBUSHJE ESTETIKE K\u00cbLL\u00cbF ZIRKONI ZBARDHIM DH\u00cbMB\u00cbSH<\/p>","protected":false},"author":1,"featured_media":0,"parent":0,"menu_order":0,"comment_status":"closed","ping_status":"closed","template":"elementor_header_footer","meta":{"om_disable_all_campaigns":false,"_monsterinsights_skip_tracking":false,"_monsterinsights_sitenote_active":false,"_monsterinsights_sitenote_note":"","_monsterinsights_sitenote_category":0,"footnotes":""},"class_list":["post-1302","page","type-page","status-publish","hentry"],"aioseo_notices":[],"_links":{"self":[{"href":"https:\/\/bloom.com.al\/it\/wp-json\/wp\/v2\/pages\/1302","targetHints":{"allow":["GET"]}}],"collection":[{"href":"https:\/\/bloom.com.al\/it\/wp-json\/wp\/v2\/pages"}],"about":[{"href":"https:\/\/bloom.com.al\/it\/wp-json\/wp\/v2\/types\/page"}],"author":[{"embeddable":true,"href":"https:\/\/bloom.com.al\/it\/wp-json\/wp\/v2\/users\/1"}],"replies":[{"embeddable":true,"href":"https:\/\/bloom.com.al\/it\/wp-json\/wp\/v2\/comments?post=1302"}],"version-history":[{"count":13,"href":"https:\/\/bloom.com.al\/it\/wp-json\/wp\/v2\/pages\/1302\/revisions"}],"predecessor-version":[{"id":4850,"href":"https:\/\/bloom.com.al\/it\/wp-json\/wp\/v2\/pages\/1302\/revisions\/4850"}],"wp:attachment":[{"href":"https:\/\/bloom.com.al\/it\/wp-json\/wp\/v2\/media?parent=1302"}],"curies":[{"name":"wp","href":"https:\/\/api.w.org\/{rel}","templated":true}]}}